{"id":91,"date":"2021-03-07T17:13:24","date_gmt":"2021-03-07T20:13:24","guid":{"rendered":"http:\/\/jogoseuropeus2021.people9.com.br\/home\/?page_id=91"},"modified":"2021-03-19T09:46:19","modified_gmt":"2021-03-19T12:46:19","slug":"programacao","status":"publish","type":"page","link":"http:\/\/jogoseuropeus2021.people9.com.br\/home\/?page_id=91","title":{"rendered":"PROGRAMA\u00c7\u00c3O"},"content":{"rendered":"\t\t<div data-elementor-type=\"wp-page\" data-elementor-id=\"91\" class=\"elementor elementor-91\" data-elementor-settings=\"[]\">\n\t\t\t\t\t\t\t<div class=\"elementor-section-wrap\">\n\t\t\t\t\t\t\t<section class=\"elementor-section elementor-top-section elementor-element elementor-element-b8608b3 elementor-section-boxed elementor-section-height-default elementor-section-height-default\" data-id=\"b8608b3\" data-element_type=\"section\">\n\t\t\t\t\t\t<div class=\"elementor-container elementor-column-gap-default\">\n\t\t\t\t\t<div class=\"elementor-column elementor-col-100 elementor-top-column elementor-element elementor-element-472d509\" data-id=\"472d509\" data-element_type=\"column\">\n\t\t\t<div class=\"elementor-widget-wrap elementor-element-populated\">\n\t\t\t\t\t\t\t\t<div class=\"elementor-element elementor-element-46f57d9 elementor-widget elementor-widget-image\" data-id=\"46f57d9\" data-element_type=\"widget\" data-widget_type=\"image.default\">\n\t\t\t\t<div class=\"elementor-widget-container\">\n\t\t\t\t\t<div class=\"elementor-image\">\n\t\t\t\t\t\t\t\t\t\t<img width=\"2000\" height=\"555\" src=\"http:\/\/jogoseuropeus2021.people9.com.br\/home\/wp-content\/uploads\/2021\/03\/banner-topo_v02.png\" class=\"attachment-full size-full\" alt=\"\" loading=\"lazy\" srcset=\"http:\/\/jogoseuropeus2021.people9.com.br\/home\/wp-content\/uploads\/2021\/03\/banner-topo_v02.png 2000w, http:\/\/jogoseuropeus2021.people9.com.br\/home\/wp-content\/uploads\/2021\/03\/banner-topo_v02-300x83.png 300w, http:\/\/jogoseuropeus2021.people9.com.br\/home\/wp-content\/uploads\/2021\/03\/banner-topo_v02-1024x284.png 1024w, http:\/\/jogoseuropeus2021.people9.com.br\/home\/wp-content\/uploads\/2021\/03\/banner-topo_v02-768x213.png 768w, http:\/\/jogoseuropeus2021.people9.com.br\/home\/wp-content\/uploads\/2021\/03\/banner-topo_v02-1536x426.png 1536w\" sizes=\"(max-width: 2000px) 100vw, 2000px\" \/>\t\t\t\t\t\t\t\t\t\t\t<\/div>\n\t\t\t\t<\/div>\n\t\t\t\t<\/div>\n\t\t\t\t\t<\/div>\n\t\t<\/div>\n\t\t\t\t\t\t\t<\/div>\n\t\t<\/section>\n\t\t\t\t<section class=\"elementor-section elementor-top-section elementor-element elementor-element-ffe411e elementor-section-boxed elementor-section-height-default elementor-section-height-default\" data-id=\"ffe411e\" data-element_type=\"section\">\n\t\t\t\t\t\t<div class=\"elementor-container elementor-column-gap-default\">\n\t\t\t\t\t<div class=\"elementor-column elementor-col-100 elementor-top-column elementor-element elementor-element-e27de21\" data-id=\"e27de21\" data-element_type=\"column\">\n\t\t\t<div class=\"elementor-widget-wrap elementor-element-populated\">\n\t\t\t\t\t\t\t\t<div class=\"elementor-element elementor-element-d4ae575 elementor-widget elementor-widget-heading\" data-id=\"d4ae575\" data-element_type=\"widget\" data-widget_type=\"heading.default\">\n\t\t\t\t<div class=\"elementor-widget-container\">\n\t\t\t<h2 class=\"elementor-heading-title elementor-size-default\">PROGRAMA\u00c7\u00c3O\n(Hor\u00e1rio Europeu) \/ PROGRAM \n(European time)\n\n<\/h2>\t\t<\/div>\n\t\t\t\t<\/div>\n\t\t\t\t\t<\/div>\n\t\t<\/div>\n\t\t\t\t\t\t\t<\/div>\n\t\t<\/section>\n\t\t\t\t<section class=\"elementor-section elementor-top-section elementor-element elementor-element-eb9f2c1 elementor-section-boxed elementor-section-height-default elementor-section-height-default\" data-id=\"eb9f2c1\" data-element_type=\"section\">\n\t\t\t\t\t\t<div class=\"elementor-container elementor-column-gap-default\">\n\t\t\t\t\t<div class=\"elementor-column elementor-col-100 elementor-top-column elementor-element elementor-element-7763591\" data-id=\"7763591\" data-element_type=\"column\">\n\t\t\t<div class=\"elementor-widget-wrap elementor-element-populated\">\n\t\t\t\t\t\t\t\t<section class=\"elementor-section elementor-inner-section elementor-element elementor-element-49daff4 elementor-section-boxed elementor-section-height-default elementor-section-height-default\" data-id=\"49daff4\" data-element_type=\"section\">\n\t\t\t\t\t\t<div class=\"elementor-container elementor-column-gap-default\">\n\t\t\t\t\t<div class=\"elementor-column elementor-col-50 elementor-inner-column elementor-element elementor-element-8da1eda\" data-id=\"8da1eda\" data-element_type=\"column\">\n\t\t\t<div class=\"elementor-widget-wrap elementor-element-populated\">\n\t\t\t\t\t\t\t\t<div class=\"elementor-element elementor-element-393f538 elementor-widget elementor-widget-text-editor\" data-id=\"393f538\" data-element_type=\"widget\" data-widget_type=\"text-editor.default\">\n\t\t\t\t<div class=\"elementor-widget-container\">\n\t\t\t\t\t<div class=\"elementor-text-editor elementor-clearfix\"><p>Programa\u00e7\u00e3o sujeita a altera\u00e7\u00f5es<\/p><p><strong><span>5\u00aa feira \u2013 Dia 01.04 \/ Thursday \u2013 April 1st<\/span><\/strong><\/p><p><span>10h00 \u2013 11h30 : Aula, Palestra, Oficina \/ Class, Lecture, Workshop<\/span><\/p><p><span>11h40 \u2013 13h10 : Aula, Palestra, Oficina \/ Class, Lecture, Workshop<\/span><\/p><p>13h10 \u2013 16h00 : INTERVALO \/ BREAK<\/p><p>16h00 \u2013 16h30 : Abertura Oficial dos XXII Jogos Europeus 2021 \u2013 Mestre Camisa \/ Official event opening \u2013 Mestre Camisa<\/p><p>16h30 &#8211; 18h00 : Aul\u00e3o para TODOS \u2013 Mestre Camisa \/ Class for ALL \u2013 Mestre Camisa<\/p><p>18h00 &#8211; 18h30 : INTERVALO &#8211; BREAK<\/p><p>18h30 &#8211; 20h00 : Entrevista com Mestre Camisa \/ Interview with Mestre Camisa<\/p><p><strong>6\u00aa feira \u2013 Dia 02.04 \/ Friday \u2013 April 2nd <\/strong><\/p><p>09h00 &#8211; 10h30 : Aula, Palestra, Oficina \/ Class, Lecture, Workshop<\/p><p>10h40 \u2013 12h10 : Aula, Palestra, Oficina \/ Class, Lecture, Workshop<\/p><p>12h10 \u2013 14h10 : INTERVALO \/ BREAK<\/p><p>14h10 \u2013 15h40 : Aula, Palestra, Oficina \/ Class, Lecture, Workshop<\/p><p>15h50 \u2013 17h20 : Aula, Palestra, Oficina \/ Class, Lecture, Workshop<\/p><p>17h30 &#8211; 21h00 \u2013 Competi\u00e7\u00e3o \/ Competition<\/p><\/div>\n\t\t\t\t<\/div>\n\t\t\t\t<\/div>\n\t\t\t\t\t<\/div>\n\t\t<\/div>\n\t\t\t\t<div class=\"elementor-column elementor-col-50 elementor-inner-column elementor-element elementor-element-a8b845b\" data-id=\"a8b845b\" data-element_type=\"column\" data-settings=\"{&quot;background_background&quot;:&quot;classic&quot;}\">\n\t\t\t<div class=\"elementor-widget-wrap elementor-element-populated\">\n\t\t\t\t\t\t\t\t<div class=\"elementor-element elementor-element-6c3ae6a elementor-widget elementor-widget-text-editor\" data-id=\"6c3ae6a\" data-element_type=\"widget\" data-widget_type=\"text-editor.default\">\n\t\t\t\t<div class=\"elementor-widget-container\">\n\t\t\t\t\t<div class=\"elementor-text-editor elementor-clearfix\"><p><strong>S\u00e1bado \u2013 Dia 03.04 \/ Saturday \u2013 April 3rd<\/strong><\/p><p>09h00 &#8211; 10h30 : Aula, Palestra, Oficina \/ Class, Lecture, Workshop<\/p><p>10h40 \u2013 12h10 : Aula, Palestra, Oficina \/ Class, Lecture, Workshop<\/p><p>12h10 \u2013 14h10 : INTERVALO \/ BREAK<\/p><p>14h10 \u2013 15h40 : Aula, Palestra, Oficina \/ Class, Lecture, Workshop<\/p><p>15h50 \u2013 17h20 : Aula, Palestra, Oficina \/ Class, Lecture, Workshop<\/p><p>17h30 &#8211; 21h00 \u2013 Competi\u00e7\u00e3o \/ Competition<\/p><p><strong>Domingo \u2013 Dia 04.04 \/ Sunday \u2013 April 4th<\/strong><\/p><p>10h00 &#8211; 13h00 : Competi\u00e7\u00e3o \/ Competition<\/p><p>13h00 &#8211; 15h00 : INTERVALO \/ BREAK<\/p><p>15h00 &#8211; 21h00 : Competi\u00e7\u00e3o \u2013 Final e Premia\u00e7\u00e3o \/ Competition \u2013 Finals and Premiation<\/p><\/div>\n\t\t\t\t<\/div>\n\t\t\t\t<\/div>\n\t\t\t\t\t<\/div>\n\t\t<\/div>\n\t\t\t\t\t\t\t<\/div>\n\t\t<\/section>\n\t\t\t\t\t<\/div>\n\t\t<\/div>\n\t\t\t\t\t\t\t<\/div>\n\t\t<\/section>\n\t\t\t\t\t\t<\/div>\n\t\t\t\t\t<\/div>\n\t\t","protected":false},"excerpt":{"rendered":"<p>PROGRAMA\u00c7\u00c3O (Hor\u00e1rio Europeu) \/ PROGRAM (European time) Programa\u00e7\u00e3o sujeita a altera\u00e7\u00f5es 5\u00aa feira \u2013 Dia 01.04 \/ Thursday \u2013 April 1st 10h00 \u2013 11h30 : Aula, Palestra, Oficina \/ Class, Lecture, Workshop 11h40 \u2013 13h10 : Aula, Palestra, Oficina \/ Class, Lecture, Workshop 13h10 \u2013 16h00 : INTERVALO \/ BREAK [&hellip;]<\/p>\n","protected":false},"author":1,"featured_media":0,"parent":0,"menu_order":0,"comment_status":"closed","ping_status":"closed","template":"page-templates\/template-pagebuilder-full-width.php","meta":[],"_links":{"self":[{"href":"http:\/\/jogoseuropeus2021.people9.com.br\/home\/index.php?rest_route=\/wp\/v2\/pages\/91"}],"collection":[{"href":"http:\/\/jogoseuropeus2021.people9.com.br\/home\/index.php?rest_route=\/wp\/v2\/pages"}],"about":[{"href":"http:\/\/jogoseuropeus2021.people9.com.br\/home\/index.php?rest_route=\/wp\/v2\/types\/page"}],"author":[{"embeddable":true,"href":"http:\/\/jogoseuropeus2021.people9.com.br\/home\/index.php?rest_route=\/wp\/v2\/users\/1"}],"replies":[{"embeddable":true,"href":"http:\/\/jogoseuropeus2021.people9.com.br\/home\/index.php?rest_route=%2Fwp%2Fv2%2Fcomments&post=91"}],"version-history":[{"count":28,"href":"http:\/\/jogoseuropeus2021.people9.com.br\/home\/index.php?rest_route=\/wp\/v2\/pages\/91\/revisions"}],"predecessor-version":[{"id":360,"href":"http:\/\/jogoseuropeus2021.people9.com.br\/home\/index.php?rest_route=\/wp\/v2\/pages\/91\/revisions\/360"}],"wp:attachment":[{"href":"http:\/\/jogoseuropeus2021.people9.com.br\/home\/index.php?rest_route=%2Fwp%2Fv2%2Fmedia&parent=91"}],"curies":[{"name":"wp","href":"https:\/\/api.w.org\/{rel}","templated":true}]}}